{"id":671,"date":"2022-01-24T08:34:41","date_gmt":"2022-01-24T07:34:41","guid":{"rendered":"https:\/\/focused-lamarr.87-230-22-26.plesk.page\/?page_id=671"},"modified":"2022-02-26T10:32:10","modified_gmt":"2022-02-26T09:32:10","slug":"baggerarbeiten-wolter","status":"publish","type":"page","link":"https:\/\/www.amsc-pfeffelbach.de\/index.php\/baggerarbeiten-wolter\/","title":{"rendered":"Baggerarbeiten Wolter"},"content":{"rendered":"\t\t<div data-elementor-type=\"wp-page\" data-elementor-id=\"671\" class=\"elementor elementor-671\" data-elementor-post-type=\"page\">\n\t\t\t\t\t\t<section data-particle_enable=\"false\" data-particle-mobile-disabled=\"false\" class=\"elementor-section elementor-top-section elementor-element elementor-element-261a281 elementor-section-boxed elementor-section-height-default elementor-section-height-default\" data-id=\"261a281\" data-element_type=\"section\">\n\t\t\t\t\t\t<div class=\"elementor-container elementor-column-gap-default\">\n\t\t\t\t\t<div class=\"elementor-column elementor-col-100 elementor-top-column elementor-element elementor-element-cd06f57\" data-id=\"cd06f57\" data-element_type=\"column\">\n\t\t\t<div class=\"elementor-widget-wrap elementor-element-populated\">\n\t\t\t\t\r\n\t\t<div class=\"elementor-element elementor-element-f5cd068 elementor-widget elementor-widget-image\" data-id=\"f5cd068\" data-element_type=\"widget\" data-widget_type=\"image.default\">\n\t\t\t\t<div class=\"elementor-widget-container\">\n\t\t\t\t\t\t\t\t\t\t\t\t\t\t\t<img fetchpriority=\"high\" decoding=\"async\" width=\"768\" height=\"253\" src=\"https:\/\/www.amsc-pfeffelbach.de\/wp-content\/uploads\/2022\/01\/wolter-768x253.png\" class=\"attachment-medium_large size-medium_large wp-image-673\" alt=\"\" srcset=\"https:\/\/www.amsc-pfeffelbach.de\/wp-content\/uploads\/2022\/01\/wolter-768x253.png 768w, https:\/\/www.amsc-pfeffelbach.de\/wp-content\/uploads\/2022\/01\/wolter-300x99.png 300w, https:\/\/www.amsc-pfeffelbach.de\/wp-content\/uploads\/2022\/01\/wolter-1024x337.png 1024w, https:\/\/www.amsc-pfeffelbach.de\/wp-content\/uploads\/2022\/01\/wolter-1536x506.png 1536w, https:\/\/www.amsc-pfeffelbach.de\/wp-content\/uploads\/2022\/01\/wolter.png 2048w\" sizes=\"(max-width: 768px) 100vw, 768px\" \/>\t\t\t\t\t\t\t\t\t\t\t\t\t\t\t<\/div>\n\t\t\t\t<\/div>\n\t\t\t\t<div class=\"elementor-element elementor-element-1d7ad76 elementor-shape-circle elementor-grid-0 e-grid-align-center elementor-widget elementor-widget-social-icons\" data-id=\"1d7ad76\" data-element_type=\"widget\" data-widget_type=\"social-icons.default\">\n\t\t\t\t<div class=\"elementor-widget-container\">\n\t\t\t\t\t\t\t<div class=\"elementor-social-icons-wrapper elementor-grid\" role=\"list\">\n\t\t\t\t\t\t\t<span class=\"elementor-grid-item\" role=\"listitem\">\n\t\t\t\t\t<a class=\"elementor-icon elementor-social-icon elementor-social-icon-link elementor-repeater-item-986ed40\" href=\"https:\/\/www.baggerarbeiten-wolter.de\" target=\"_blank\">\n\t\t\t\t\t\t<span class=\"elementor-screen-only\">Link<\/span>\n\t\t\t\t\t\t<i aria-hidden=\"true\" class=\"fas fa-link\"><\/i>\t\t\t\t\t<\/a>\n\t\t\t\t<\/span>\n\t\t\t\t\t\t\t<span class=\"elementor-grid-item\" role=\"listitem\">\n\t\t\t\t\t<a class=\"elementor-icon elementor-social-icon elementor-social-icon-facebook elementor-repeater-item-4b09cfd\" href=\"https:\/\/www.facebook.com\/baggerwolter\" target=\"_blank\">\n\t\t\t\t\t\t<span class=\"elementor-screen-only\">Facebook<\/span>\n\t\t\t\t\t\t<i aria-hidden=\"true\" class=\"fab fa-facebook\"><\/i>\t\t\t\t\t<\/a>\n\t\t\t\t<\/span>\n\t\t\t\t\t\t\t<span class=\"elementor-grid-item\" role=\"listitem\">\n\t\t\t\t\t<a class=\"elementor-icon elementor-social-icon elementor-social-icon-whatsapp elementor-repeater-item-0cbec88\" href=\"https:\/\/wa.me\/4917680413695\" target=\"_blank\">\n\t\t\t\t\t\t<span class=\"elementor-screen-only\">Whatsapp<\/span>\n\t\t\t\t\t\t<i aria-hidden=\"true\" class=\"fab fa-whatsapp\"><\/i>\t\t\t\t\t<\/a>\n\t\t\t\t<\/span>\n\t\t\t\t\t\t\t<span class=\"elementor-grid-item\" role=\"listitem\">\n\t\t\t\t\t<a class=\"elementor-icon elementor-social-icon elementor-social-icon-phone elementor-repeater-item-5a011c5\" href=\"tel:+4917680413695\" target=\"_blank\">\n\t\t\t\t\t\t<span class=\"elementor-screen-only\">Phone<\/span>\n\t\t\t\t\t\t<i aria-hidden=\"true\" class=\"fas fa-phone\"><\/i>\t\t\t\t\t<\/a>\n\t\t\t\t<\/span>\n\t\t\t\t\t\t\t<span class=\"elementor-grid-item\" role=\"listitem\">\n\t\t\t\t\t<a class=\"elementor-icon elementor-social-icon elementor-social-icon-envelope elementor-repeater-item-c2744f4\" href=\"mailto:info@baggerarbeiten-wolter.de\" target=\"_blank\">\n\t\t\t\t\t\t<span class=\"elementor-screen-only\">Envelope<\/span>\n\t\t\t\t\t\t<i aria-hidden=\"true\" class=\"far fa-envelope\"><\/i>\t\t\t\t\t<\/a>\n\t\t\t\t<\/span>\n\t\t\t\t\t<\/div>\n\t\t\t\t\t\t<\/div>\n\t\t\t\t<\/div>\n\t\t\t\t\t<\/div>\n\t\t<\/div>\n\t\t\t\t\t<\/div>\n\t\t<\/section>\n\t\t\t\t<section data-particle_enable=\"false\" data-particle-mobile-disabled=\"false\" class=\"elementor-section elementor-top-section elementor-element elementor-element-27e163e elementor-section-boxed elementor-section-height-default elementor-section-height-default\" data-id=\"27e163e\" data-element_type=\"section\">\n\t\t\t\t\t\t<div class=\"elementor-container elementor-column-gap-default\">\n\t\t\t\t\t<div class=\"elementor-column elementor-col-100 elementor-top-column elementor-element elementor-element-facfb96\" data-id=\"facfb96\" data-element_type=\"column\">\n\t\t\t<div class=\"elementor-widget-wrap elementor-element-populated\">\n\t\t\t\t\t\t<div class=\"elementor-element elementor-element-e58e4e0 elementor-widget elementor-widget-text-editor\" data-id=\"e58e4e0\" data-element_type=\"widget\" data-widget_type=\"text-editor.default\">\n\t\t\t\t<div class=\"elementor-widget-container\">\n\t\t\t\t\t\t\t\t\t<h1 style=\"text-align: center;\">Leistungen<\/h1>\n<ul style=\"padding-left: 18px;\">\n \t<li style=\"text-align: center;\">Fl\u00e4chen planieren<\/li>\n \t<li style=\"text-align: center;\">Bewuchs-\/Wurzelentfernung<\/li>\n \t<li style=\"text-align: center;\">Erdarbeiten zur Gartengestaltung<\/li>\n \t<li style=\"text-align: center;\">Vorbereitung von Pflasterarbeiten<\/li>\n \t<li class=\"font_9\" style=\"text-align: center;\"><span class=\"color_15\">Ausschachtungen und Gr\u00e4ben (Fundamente, Teiche\/Pools, Drainage, Zisternen, Anschl\u00fcsse, Rohre, Leitungen u.v.m.)<\/span><\/li>\n \t<li class=\"font_9\" style=\"text-align: center;\"><span class=\"color_15\">Freilegungen<\/span><\/li>\n \t<li class=\"font_9\" style=\"text-align: center;\"><span class=\"color_15\">Aufsch\u00fcttungen<\/span><\/li>\n \t<li class=\"font_9\" style=\"text-align: center;\"><span class=\"color_15\">Abtransport von Bauschutt, Aushub und Gr\u00fcnschnitt\n<\/span><\/li>\n \t<li style=\"text-align: center;\">Landschafts- und Gartenbau<\/li>\n<\/ul>\t\t\t\t\t\t\t\t<\/div>\n\t\t\t\t<\/div>\n\t\t\t\t<div class=\"elementor-element elementor-element-e158a4f elementor-arrows-position-inside elementor-pagination-position-outside elementor-widget elementor-widget-image-carousel\" data-id=\"e158a4f\" data-element_type=\"widget\" data-settings=\"{&quot;slides_to_show&quot;:&quot;1&quot;,&quot;navigation&quot;:&quot;both&quot;,&quot;autoplay&quot;:&quot;yes&quot;,&quot;pause_on_hover&quot;:&quot;yes&quot;,&quot;pause_on_interaction&quot;:&quot;yes&quot;,&quot;autoplay_speed&quot;:5000,&quot;infinite&quot;:&quot;yes&quot;,&quot;effect&quot;:&quot;slide&quot;,&quot;speed&quot;:500}\" data-widget_type=\"image-carousel.default\">\n\t\t\t\t<div class=\"elementor-widget-container\">\n\t\t\t\t\t\t\t<div class=\"elementor-image-carousel-wrapper swiper\" role=\"region\" aria-roledescription=\"carousel\" aria-label=\"Bild Karussell\" dir=\"ltr\">\n\t\t\t<div class=\"elementor-image-carousel swiper-wrapper\" aria-live=\"off\">\n\t\t\t\t\t\t\t\t<div class=\"swiper-slide\" role=\"group\" aria-roledescription=\"slide\" aria-label=\"1 von 3\"><figure class=\"swiper-slide-inner\"><img decoding=\"async\" class=\"swiper-slide-image\" src=\"https:\/\/www.amsc-pfeffelbach.de\/wp-content\/uploads\/2022\/01\/wolter1.jpg\" alt=\"wolter1\" \/><\/figure><\/div><div class=\"swiper-slide\" role=\"group\" aria-roledescription=\"slide\" aria-label=\"2 von 3\"><figure class=\"swiper-slide-inner\"><img decoding=\"async\" class=\"swiper-slide-image\" src=\"https:\/\/www.amsc-pfeffelbach.de\/wp-content\/uploads\/2022\/01\/wolter2.jpg\" alt=\"wolter2\" \/><\/figure><\/div><div class=\"swiper-slide\" role=\"group\" aria-roledescription=\"slide\" aria-label=\"3 von 3\"><figure class=\"swiper-slide-inner\"><img decoding=\"async\" class=\"swiper-slide-image\" src=\"https:\/\/www.amsc-pfeffelbach.de\/wp-content\/uploads\/2022\/01\/wolter3.jpg\" alt=\"wolter3\" \/><\/figure><\/div>\t\t\t<\/div>\n\t\t\t\t\t\t\t\t\t\t\t\t<div class=\"elementor-swiper-button elementor-swiper-button-prev\" role=\"button\" tabindex=\"0\">\n\t\t\t\t\t\t<i aria-hidden=\"true\" class=\"eicon-chevron-left\"><\/i>\t\t\t\t\t<\/div>\n\t\t\t\t\t<div class=\"elementor-swiper-button elementor-swiper-button-next\" role=\"button\" tabindex=\"0\">\n\t\t\t\t\t\t<i aria-hidden=\"true\" class=\"eicon-chevron-right\"><\/i>\t\t\t\t\t<\/div>\n\t\t\t\t\n\t\t\t\t\t\t\t\t\t<div class=\"swiper-pagination\"><\/div>\n\t\t\t\t\t\t\t\t\t<\/div>\n\t\t\t\t\t\t<\/div>\n\t\t\t\t<\/div>\n\t\t\t\t\t<\/div>\n\t\t<\/div>\n\t\t\t\t\t<\/div>\n\t\t<\/section>\n\t\t\t\t<\/div>\n\t\t","protected":false},"excerpt":{"rendered":"<p>Link Facebook Whatsapp Phone Envelope Leistungen Fl\u00e4chen planieren Bewuchs-\/Wurzelentfernung Erdarbeiten zur Gartengestaltung Vorbereitung von Pflasterarbeiten Ausschachtungen und Gr\u00e4ben (Fundamente, Teiche\/Pools, Drainage, Zisternen, Anschl\u00fcsse, Rohre, Leitungen u.v.m.) Freilegungen Aufsch\u00fcttungen Abtransport von Bauschutt, Aushub und Gr\u00fcnschnitt Landschafts- und Gartenbau Zur\u00fcck Weiter<\/p>\n","protected":false},"author":1,"featured_media":673,"parent":0,"menu_order":0,"comment_status":"closed","ping_status":"closed","template":"","meta":{"_kadence_starter_templates_imported_post":false,"_kad_post_transparent":"","_kad_post_title":"hide","_kad_post_layout":"fullwidth","_kad_post_sidebar_id":"","_kad_post_content_style":"unboxed","_kad_post_vertical_padding":"hide","_kad_post_feature":"hide","_kad_post_feature_position":"","_kad_post_header":false,"_kad_post_footer":false,"_kad_post_classname":"","footnotes":""},"class_list":["post-671","page","type-page","status-publish","has-post-thumbnail","hentry"],"yoast_head":"<!-- This site is optimized with the Yoast SEO plugin v26.4 - https:\/\/yoast.com\/wordpress\/plugins\/seo\/ -->\n<title>Baggerarbeiten Wolter - AMSC Pfeffelbach<\/title>\n<meta name=\"robots\" content=\"index, follow, max-snippet:-1, max-image-preview:large, max-video-preview:-1\" \/>\n<link rel=\"canonical\" href=\"https:\/\/www.amsc-pfeffelbach.de\/index.php\/baggerarbeiten-wolter\/\" \/>\n<meta property=\"og:locale\" content=\"de_DE\" \/>\n<meta property=\"og:type\" content=\"article\" \/>\n<meta property=\"og:title\" content=\"Baggerarbeiten Wolter - AMSC Pfeffelbach\" \/>\n<meta property=\"og:description\" content=\"Link Facebook Whatsapp Phone Envelope Leistungen Fl\u00e4chen planieren Bewuchs-\/Wurzelentfernung Erdarbeiten zur Gartengestaltung Vorbereitung von Pflasterarbeiten Ausschachtungen und Gr\u00e4ben (Fundamente, Teiche\/Pools, Drainage, Zisternen, Anschl\u00fcsse, Rohre, Leitungen u.v.m.) Freilegungen Aufsch\u00fcttungen Abtransport von Bauschutt, Aushub und Gr\u00fcnschnitt Landschafts- und Gartenbau Zur\u00fcck Weiter\" \/>\n<meta property=\"og:url\" content=\"https:\/\/www.amsc-pfeffelbach.de\/index.php\/baggerarbeiten-wolter\/\" \/>\n<meta property=\"og:site_name\" content=\"AMSC Pfeffelbach\" \/>\n<meta property=\"article:publisher\" content=\"https:\/\/www.facebook.com\/AMSC-Pfeffelbach-eV-366821680119547\" \/>\n<meta property=\"article:modified_time\" content=\"2022-02-26T09:32:10+00:00\" \/>\n<meta property=\"og:image\" content=\"https:\/\/www.amsc-pfeffelbach.de\/wp-content\/uploads\/2022\/01\/wolter.png\" \/>\n\t<meta property=\"og:image:width\" content=\"2048\" \/>\n\t<meta property=\"og:image:height\" content=\"674\" \/>\n\t<meta property=\"og:image:type\" content=\"image\/png\" \/>\n<meta name=\"twitter:card\" content=\"summary_large_image\" \/>\n<meta name=\"twitter:label1\" content=\"Gesch\u00e4tzte Lesezeit\" \/>\n\t<meta name=\"twitter:data1\" content=\"2\u00a0Minuten\" \/>\n<script type=\"application\/ld+json\" class=\"yoast-schema-graph\">{\"@context\":\"https:\/\/schema.org\",\"@graph\":[{\"@type\":\"WebPage\",\"@id\":\"https:\/\/www.amsc-pfeffelbach.de\/index.php\/baggerarbeiten-wolter\/\",\"url\":\"https:\/\/www.amsc-pfeffelbach.de\/index.php\/baggerarbeiten-wolter\/\",\"name\":\"Baggerarbeiten Wolter - AMSC Pfeffelbach\",\"isPartOf\":{\"@id\":\"https:\/\/www.amsc-pfeffelbach.de\/#website\"},\"primaryImageOfPage\":{\"@id\":\"https:\/\/www.amsc-pfeffelbach.de\/index.php\/baggerarbeiten-wolter\/#primaryimage\"},\"image\":{\"@id\":\"https:\/\/www.amsc-pfeffelbach.de\/index.php\/baggerarbeiten-wolter\/#primaryimage\"},\"thumbnailUrl\":\"https:\/\/www.amsc-pfeffelbach.de\/wp-content\/uploads\/2022\/01\/wolter.png\",\"datePublished\":\"2022-01-24T07:34:41+00:00\",\"dateModified\":\"2022-02-26T09:32:10+00:00\",\"breadcrumb\":{\"@id\":\"https:\/\/www.amsc-pfeffelbach.de\/index.php\/baggerarbeiten-wolter\/#breadcrumb\"},\"inLanguage\":\"de\",\"potentialAction\":[{\"@type\":\"ReadAction\",\"target\":[\"https:\/\/www.amsc-pfeffelbach.de\/index.php\/baggerarbeiten-wolter\/\"]}]},{\"@type\":\"ImageObject\",\"inLanguage\":\"de\",\"@id\":\"https:\/\/www.amsc-pfeffelbach.de\/index.php\/baggerarbeiten-wolter\/#primaryimage\",\"url\":\"https:\/\/www.amsc-pfeffelbach.de\/wp-content\/uploads\/2022\/01\/wolter.png\",\"contentUrl\":\"https:\/\/www.amsc-pfeffelbach.de\/wp-content\/uploads\/2022\/01\/wolter.png\",\"width\":2048,\"height\":674},{\"@type\":\"BreadcrumbList\",\"@id\":\"https:\/\/www.amsc-pfeffelbach.de\/index.php\/baggerarbeiten-wolter\/#breadcrumb\",\"itemListElement\":[{\"@type\":\"ListItem\",\"position\":1,\"name\":\"Startseite\",\"item\":\"https:\/\/www.amsc-pfeffelbach.de\/\"},{\"@type\":\"ListItem\",\"position\":2,\"name\":\"Baggerarbeiten Wolter\"}]},{\"@type\":\"WebSite\",\"@id\":\"https:\/\/www.amsc-pfeffelbach.de\/#website\",\"url\":\"https:\/\/www.amsc-pfeffelbach.de\/\",\"name\":\"AMSC Pfeffelbach\",\"description\":\"\",\"publisher\":{\"@id\":\"https:\/\/www.amsc-pfeffelbach.de\/#organization\"},\"potentialAction\":[{\"@type\":\"SearchAction\",\"target\":{\"@type\":\"EntryPoint\",\"urlTemplate\":\"https:\/\/www.amsc-pfeffelbach.de\/?s={search_term_string}\"},\"query-input\":{\"@type\":\"PropertyValueSpecification\",\"valueRequired\":true,\"valueName\":\"search_term_string\"}}],\"inLanguage\":\"de\"},{\"@type\":\"Organization\",\"@id\":\"https:\/\/www.amsc-pfeffelbach.de\/#organization\",\"name\":\"AMSC Pfeffelbach\",\"url\":\"https:\/\/www.amsc-pfeffelbach.de\/\",\"logo\":{\"@type\":\"ImageObject\",\"inLanguage\":\"de\",\"@id\":\"https:\/\/www.amsc-pfeffelbach.de\/#\/schema\/logo\/image\/\",\"url\":\"https:\/\/www.amsc-pfeffelbach.de\/wp-content\/uploads\/2022\/01\/amsc.png\",\"contentUrl\":\"https:\/\/www.amsc-pfeffelbach.de\/wp-content\/uploads\/2022\/01\/amsc.png\",\"width\":274,\"height\":184,\"caption\":\"AMSC Pfeffelbach\"},\"image\":{\"@id\":\"https:\/\/www.amsc-pfeffelbach.de\/#\/schema\/logo\/image\/\"},\"sameAs\":[\"https:\/\/www.facebook.com\/AMSC-Pfeffelbach-eV-366821680119547\",\"https:\/\/www.instagram.com\/amsc_pfeffelbach\"]}]}<\/script>\n<!-- \/ Yoast SEO plugin. -->","yoast_head_json":{"title":"Baggerarbeiten Wolter - AMSC Pfeffelbach","robots":{"index":"index","follow":"follow","max-snippet":"max-snippet:-1","max-image-preview":"max-image-preview:large","max-video-preview":"max-video-preview:-1"},"canonical":"https:\/\/www.amsc-pfeffelbach.de\/index.php\/baggerarbeiten-wolter\/","og_locale":"de_DE","og_type":"article","og_title":"Baggerarbeiten Wolter - AMSC Pfeffelbach","og_description":"Link Facebook Whatsapp Phone Envelope Leistungen Fl\u00e4chen planieren Bewuchs-\/Wurzelentfernung Erdarbeiten zur Gartengestaltung Vorbereitung von Pflasterarbeiten Ausschachtungen und Gr\u00e4ben (Fundamente, Teiche\/Pools, Drainage, Zisternen, Anschl\u00fcsse, Rohre, Leitungen u.v.m.) Freilegungen Aufsch\u00fcttungen Abtransport von Bauschutt, Aushub und Gr\u00fcnschnitt Landschafts- und Gartenbau Zur\u00fcck Weiter","og_url":"https:\/\/www.amsc-pfeffelbach.de\/index.php\/baggerarbeiten-wolter\/","og_site_name":"AMSC Pfeffelbach","article_publisher":"https:\/\/www.facebook.com\/AMSC-Pfeffelbach-eV-366821680119547","article_modified_time":"2022-02-26T09:32:10+00:00","og_image":[{"width":2048,"height":674,"url":"https:\/\/www.amsc-pfeffelbach.de\/wp-content\/uploads\/2022\/01\/wolter.png","type":"image\/png"}],"twitter_card":"summary_large_image","twitter_misc":{"Gesch\u00e4tzte Lesezeit":"2\u00a0Minuten"},"schema":{"@context":"https:\/\/schema.org","@graph":[{"@type":"WebPage","@id":"https:\/\/www.amsc-pfeffelbach.de\/index.php\/baggerarbeiten-wolter\/","url":"https:\/\/www.amsc-pfeffelbach.de\/index.php\/baggerarbeiten-wolter\/","name":"Baggerarbeiten Wolter - AMSC Pfeffelbach","isPartOf":{"@id":"https:\/\/www.amsc-pfeffelbach.de\/#website"},"primaryImageOfPage":{"@id":"https:\/\/www.amsc-pfeffelbach.de\/index.php\/baggerarbeiten-wolter\/#primaryimage"},"image":{"@id":"https:\/\/www.amsc-pfeffelbach.de\/index.php\/baggerarbeiten-wolter\/#primaryimage"},"thumbnailUrl":"https:\/\/www.amsc-pfeffelbach.de\/wp-content\/uploads\/2022\/01\/wolter.png","datePublished":"2022-01-24T07:34:41+00:00","dateModified":"2022-02-26T09:32:10+00:00","breadcrumb":{"@id":"https:\/\/www.amsc-pfeffelbach.de\/index.php\/baggerarbeiten-wolter\/#breadcrumb"},"inLanguage":"de","potentialAction":[{"@type":"ReadAction","target":["https:\/\/www.amsc-pfeffelbach.de\/index.php\/baggerarbeiten-wolter\/"]}]},{"@type":"ImageObject","inLanguage":"de","@id":"https:\/\/www.amsc-pfeffelbach.de\/index.php\/baggerarbeiten-wolter\/#primaryimage","url":"https:\/\/www.amsc-pfeffelbach.de\/wp-content\/uploads\/2022\/01\/wolter.png","contentUrl":"https:\/\/www.amsc-pfeffelbach.de\/wp-content\/uploads\/2022\/01\/wolter.png","width":2048,"height":674},{"@type":"BreadcrumbList","@id":"https:\/\/www.amsc-pfeffelbach.de\/index.php\/baggerarbeiten-wolter\/#breadcrumb","itemListElement":[{"@type":"ListItem","position":1,"name":"Startseite","item":"https:\/\/www.amsc-pfeffelbach.de\/"},{"@type":"ListItem","position":2,"name":"Baggerarbeiten Wolter"}]},{"@type":"WebSite","@id":"https:\/\/www.amsc-pfeffelbach.de\/#website","url":"https:\/\/www.amsc-pfeffelbach.de\/","name":"AMSC Pfeffelbach","description":"","publisher":{"@id":"https:\/\/www.amsc-pfeffelbach.de\/#organization"},"potentialAction":[{"@type":"SearchAction","target":{"@type":"EntryPoint","urlTemplate":"https:\/\/www.amsc-pfeffelbach.de\/?s={search_term_string}"},"query-input":{"@type":"PropertyValueSpecification","valueRequired":true,"valueName":"search_term_string"}}],"inLanguage":"de"},{"@type":"Organization","@id":"https:\/\/www.amsc-pfeffelbach.de\/#organization","name":"AMSC Pfeffelbach","url":"https:\/\/www.amsc-pfeffelbach.de\/","logo":{"@type":"ImageObject","inLanguage":"de","@id":"https:\/\/www.amsc-pfeffelbach.de\/#\/schema\/logo\/image\/","url":"https:\/\/www.amsc-pfeffelbach.de\/wp-content\/uploads\/2022\/01\/amsc.png","contentUrl":"https:\/\/www.amsc-pfeffelbach.de\/wp-content\/uploads\/2022\/01\/amsc.png","width":274,"height":184,"caption":"AMSC Pfeffelbach"},"image":{"@id":"https:\/\/www.amsc-pfeffelbach.de\/#\/schema\/logo\/image\/"},"sameAs":["https:\/\/www.facebook.com\/AMSC-Pfeffelbach-eV-366821680119547","https:\/\/www.instagram.com\/amsc_pfeffelbach"]}]}},"jetpack_sharing_enabled":true,"_links":{"self":[{"href":"https:\/\/www.amsc-pfeffelbach.de\/index.php\/wp-json\/wp\/v2\/pages\/671","targetHints":{"allow":["GET"]}}],"collection":[{"href":"https:\/\/www.amsc-pfeffelbach.de\/index.php\/wp-json\/wp\/v2\/pages"}],"about":[{"href":"https:\/\/www.amsc-pfeffelbach.de\/index.php\/wp-json\/wp\/v2\/types\/page"}],"author":[{"embeddable":true,"href":"https:\/\/www.amsc-pfeffelbach.de\/index.php\/wp-json\/wp\/v2\/users\/1"}],"replies":[{"embeddable":true,"href":"https:\/\/www.amsc-pfeffelbach.de\/index.php\/wp-json\/wp\/v2\/comments?post=671"}],"version-history":[{"count":9,"href":"https:\/\/www.amsc-pfeffelbach.de\/index.php\/wp-json\/wp\/v2\/pages\/671\/revisions"}],"predecessor-version":[{"id":1888,"href":"https:\/\/www.amsc-pfeffelbach.de\/index.php\/wp-json\/wp\/v2\/pages\/671\/revisions\/1888"}],"wp:featuredmedia":[{"embeddable":true,"href":"https:\/\/www.amsc-pfeffelbach.de\/index.php\/wp-json\/wp\/v2\/media\/673"}],"wp:attachment":[{"href":"https:\/\/www.amsc-pfeffelbach.de\/index.php\/wp-json\/wp\/v2\/media?parent=671"}],"curies":[{"name":"wp","href":"https:\/\/api.w.org\/{rel}","templated":true}]}}