{"id":2,"date":"2022-01-11T09:25:42","date_gmt":"2022-01-11T09:25:42","guid":{"rendered":"https:\/\/focused-lamarr.87-230-22-26.plesk.page\/?page_id=2"},"modified":"2024-06-14T10:49:22","modified_gmt":"2024-06-14T08:49:22","slug":"die-strecke","status":"publish","type":"page","link":"https:\/\/www.amsc-pfeffelbach.de\/index.php\/die-strecke\/","title":{"rendered":"Die Strecke"},"content":{"rendered":"\t\t<div data-elementor-type=\"wp-page\" data-elementor-id=\"2\" class=\"elementor elementor-2\" data-elementor-post-type=\"page\">\n\t\t\t\t\t\t<section data-particle_enable=\"false\" data-particle-mobile-disabled=\"false\" class=\"elementor-section elementor-top-section elementor-element elementor-element-cfcbf09 elementor-section-full_width elementor-section-height-default elementor-section-height-default\" data-id=\"cfcbf09\" data-element_type=\"section\">\n\t\t\t\t\t\t<div class=\"elementor-container elementor-column-gap-no\">\n\t\t\t\t\t<div class=\"elementor-column elementor-col-100 elementor-top-column elementor-element elementor-element-7281626d\" data-id=\"7281626d\" data-element_type=\"column\">\n\t\t\t<div class=\"elementor-widget-wrap elementor-element-populated\">\n\t\t\t\t\t\t<section data-particle_enable=\"false\" data-particle-mobile-disabled=\"false\" class=\"elementor-section elementor-inner-section elementor-element elementor-element-22af076 elementor-section-height-full elementor-section-boxed elementor-section-height-default\" data-id=\"22af076\" data-element_type=\"section\" data-settings=\"{&quot;background_background&quot;:&quot;video&quot;,&quot;background_video_link&quot;:&quot;https:\\\/\\\/www.youtube.com\\\/watch?v=yWR5ClId3Sc&quot;,&quot;background_play_once&quot;:&quot;yes&quot;,&quot;background_play_on_mobile&quot;:&quot;yes&quot;}\">\n\t\t\t\t\t\t\t\t<div class=\"elementor-background-video-container\" aria-hidden=\"true\">\n\t\t\t\t\t\t\t\t\t\t\t\t\t<div class=\"elementor-background-video-embed\"><\/div>\n\t\t\t\t\t\t\t\t\t\t\t\t<\/div>\n\t\t\t\t\t\t\t\t<div class=\"elementor-container elementor-column-gap-default\">\n\t\t\t\t\t<div class=\"elementor-column elementor-col-100 elementor-inner-column elementor-element elementor-element-176e8ac\" data-id=\"176e8ac\" data-element_type=\"column\">\n\t\t\t<div class=\"elementor-widget-wrap elementor-element-populated\">\n\t\t\t\t\r\n\t\t<div class=\"elementor-element elementor-element-2eed891 animated-slow elementor-invisible elementor-widget elementor-widget-text-editor\" data-id=\"2eed891\" data-element_type=\"widget\" data-settings=\"{&quot;_animation&quot;:&quot;slideInRight&quot;,&quot;_animation_delay&quot;:5000}\" data-widget_type=\"text-editor.default\">\n\t\t\t\t<div class=\"elementor-widget-container\">\n\t\t\t\t\t\t\t\t\t<blockquote>\n<p>L\u00e4nge: ca. 750m<\/p>\n<\/blockquote>\t\t\t\t\t\t\t\t<\/div>\n\t\t\t\t<\/div>\n\t\t\t\t<div class=\"elementor-element elementor-element-6960483 animated-slow elementor-invisible elementor-widget elementor-widget-text-editor\" data-id=\"6960483\" data-element_type=\"widget\" data-settings=\"{&quot;_animation&quot;:&quot;slideInRight&quot;,&quot;_animation_delay&quot;:7000}\" data-widget_type=\"text-editor.default\">\n\t\t\t\t<div class=\"elementor-widget-container\">\n\t\t\t\t\t\t\t\t\t<blockquote>H\u00f6henunterschied: 18-20m<\/blockquote>\t\t\t\t\t\t\t\t<\/div>\n\t\t\t\t<\/div>\n\t\t\t\t<div class=\"elementor-element elementor-element-36ba47b animated-slow elementor-invisible elementor-widget elementor-widget-text-editor\" data-id=\"36ba47b\" data-element_type=\"widget\" data-settings=\"{&quot;_animation&quot;:&quot;slideInRight&quot;,&quot;_animation_delay&quot;:9000}\" data-widget_type=\"text-editor.default\">\n\t\t\t\t<div class=\"elementor-widget-container\">\n\t\t\t\t\t\t\t\t\t<blockquote><p>Breite: 5-10m<\/p><\/blockquote>\t\t\t\t\t\t\t\t<\/div>\n\t\t\t\t<\/div>\n\t\t\t\t<div class=\"elementor-element elementor-element-8a822a1 animated-slow elementor-invisible elementor-widget elementor-widget-text-editor\" data-id=\"8a822a1\" data-element_type=\"widget\" data-settings=\"{&quot;_animation&quot;:&quot;slideInRight&quot;,&quot;_animation_delay&quot;:11000}\" data-widget_type=\"text-editor.default\">\n\t\t\t\t<div class=\"elementor-widget-container\">\n\t\t\t\t\t\t\t\t\t<blockquote><p>Boden: Asphalt, Schotter und gewachsener Boden<\/p><\/blockquote>\t\t\t\t\t\t\t\t<\/div>\n\t\t\t\t<\/div>\n\t\t\t\t<div class=\"elementor-element elementor-element-42e528f animated-slow elementor-invisible elementor-widget elementor-widget-text-editor\" data-id=\"42e528f\" data-element_type=\"widget\" data-settings=\"{&quot;_animation&quot;:&quot;slideInRight&quot;,&quot;_animation_delay&quot;:13000}\" data-widget_type=\"text-editor.default\">\n\t\t\t\t<div class=\"elementor-widget-container\">\n\t\t\t\t\t\t\t\t\t<blockquote><p>Rundenzeit: Je\u00a0besser der Fahrer desto schneller die Zeit<\/p><\/blockquote>\t\t\t\t\t\t\t\t<\/div>\n\t\t\t\t<\/div>\n\t\t\t\t<div class=\"elementor-element elementor-element-3c912c11 animated-slow elementor-invisible elementor-widget elementor-widget-text-editor\" data-id=\"3c912c11\" data-element_type=\"widget\" data-settings=\"{&quot;_animation&quot;:&quot;slideInRight&quot;,&quot;_animation_delay&quot;:15000}\" data-widget_type=\"text-editor.default\">\n\t\t\t\t<div class=\"elementor-widget-container\">\n\t\t\t\t\t\t\t\t\t<blockquote><p>Kurzbeschreibung unserer Rennstrecke:<em><br \/><\/em>Nach dem Start folgt direkt eine ca. 350m lange Asphaltgerade leicht bergauf. Diese endet in\u00a0 einer Linkskurve genannt &#8222;Colombo&#8220;-Kurve, ab hier beginnt der unbefestigte Teil unserer Rennstrecke. Diese f\u00fchrt mit in einer rechts &#8211; links &#8211; Kurven Kombination quer durch den Steinbruch. Seit 2023 f\u00fchrt die Strecke nicht mehr wie in den gut 10 Jahren vorher durch die Fahrzeughalle, sondern \u00fcber einen kleinen H\u00fcgel an der Halle vorbei. Danach folgt das sogenannte Waschbrett (nichts f\u00fcr schwache Nerven) bevor es bergab auf Teer zur Spitzkehre geht. Nach dieser geht es nochmals bergab Richtung Start Zielgerade.<\/p><\/blockquote>\t\t\t\t\t\t\t\t<\/div>\n\t\t\t\t<\/div>\n\t\t\t\t\t<\/div>\n\t\t<\/div>\n\t\t\t\t\t<\/div>\n\t\t<\/section>\n\t\t\t\t<section data-particle_enable=\"false\" data-particle-mobile-disabled=\"false\" class=\"elementor-section elementor-inner-section elementor-element elementor-element-7671b0d elementor-section-boxed elementor-section-height-default elementor-section-height-default\" data-id=\"7671b0d\" data-element_type=\"section\">\n\t\t\t\t\t\t<div class=\"elementor-container elementor-column-gap-default\">\n\t\t\t\t\t<div class=\"elementor-column elementor-col-50 elementor-inner-column elementor-element elementor-element-a1ba268\" data-id=\"a1ba268\" data-element_type=\"column\">\n\t\t\t<div class=\"elementor-widget-wrap elementor-element-populated\">\n\t\t\t\t\t\t<div class=\"elementor-element elementor-element-acc7cdd elementor-widget elementor-widget-image\" data-id=\"acc7cdd\" data-element_type=\"widget\" data-widget_type=\"image.default\">\n\t\t\t\t<div class=\"elementor-widget-container\">\n\t\t\t\t\t\t\t\t\t\t\t\t<figure class=\"wp-caption\">\n\t\t\t\t\t\t\t\t\t\t<img fetchpriority=\"high\" decoding=\"async\" width=\"768\" height=\"911\" src=\"https:\/\/www.amsc-pfeffelbach.de\/wp-content\/uploads\/2024\/06\/WhatsApp-Image-2024-06-13-at-17.36.01-e1718354951571-768x911.jpeg\" class=\"attachment-medium_large size-medium_large wp-image-3689\" alt=\"\" srcset=\"https:\/\/www.amsc-pfeffelbach.de\/wp-content\/uploads\/2024\/06\/WhatsApp-Image-2024-06-13-at-17.36.01-e1718354951571-768x911.jpeg 768w, https:\/\/www.amsc-pfeffelbach.de\/wp-content\/uploads\/2024\/06\/WhatsApp-Image-2024-06-13-at-17.36.01-e1718354951571-253x300.jpeg 253w, https:\/\/www.amsc-pfeffelbach.de\/wp-content\/uploads\/2024\/06\/WhatsApp-Image-2024-06-13-at-17.36.01-e1718354951571-863x1024.jpeg 863w, https:\/\/www.amsc-pfeffelbach.de\/wp-content\/uploads\/2024\/06\/WhatsApp-Image-2024-06-13-at-17.36.01-e1718354951571.jpeg 1056w\" sizes=\"(max-width: 768px) 100vw, 768px\" \/>\t\t\t\t\t\t\t\t\t\t\t<figcaption class=\"widget-image-caption wp-caption-text\">Bilder \u00a9 2024 Google,Bilder \u00a9 2024 CNES \/ Airbus,GeoBasis-DE\/BKG,GeoContent,Maxar Technologies,Kartendaten \u00a9 2024 GeoBasis-DE\/BKG (\u00a92009)<\/figcaption>\n\t\t\t\t\t\t\t\t\t\t<\/figure>\n\t\t\t\t\t\t\t\t\t<\/div>\n\t\t\t\t<\/div>\n\t\t\t\t\t<\/div>\n\t\t<\/div>\n\t\t\t\t<div class=\"elementor-column elementor-col-50 elementor-inner-column elementor-element elementor-element-8f21866\" data-id=\"8f21866\" data-element_type=\"column\">\n\t\t\t<div class=\"elementor-widget-wrap elementor-element-populated\">\n\t\t\t\t\t\t<div class=\"elementor-element elementor-element-1ac199a elementor-widget elementor-widget-heading\" data-id=\"1ac199a\" data-element_type=\"widget\" data-widget_type=\"heading.default\">\n\t\t\t\t<div class=\"elementor-widget-container\">\n\t\t\t\t\t<h1 class=\"elementor-heading-title elementor-size-default\">Strecke seit 2023<\/h1>\t\t\t\t<\/div>\n\t\t\t\t<\/div>\n\t\t\t\t<div class=\"elementor-element elementor-element-328d447 elementor-widget elementor-widget-video\" data-id=\"328d447\" data-element_type=\"widget\" data-settings=\"{&quot;youtube_url&quot;:&quot;https:\\\/\\\/www.youtube.com\\\/watch?v=HONyP-Cstqo&quot;,&quot;lazy_load&quot;:&quot;yes&quot;,&quot;start&quot;:20,&quot;video_type&quot;:&quot;youtube&quot;,&quot;controls&quot;:&quot;yes&quot;}\" data-widget_type=\"video.default\">\n\t\t\t\t<div class=\"elementor-widget-container\">\n\t\t\t\t\t\t\t<div class=\"elementor-wrapper elementor-open-inline\">\n\t\t\t<div class=\"elementor-video\"><\/div>\t\t<\/div>\n\t\t\t\t\t\t<\/div>\n\t\t\t\t<\/div>\n\t\t\t\t<div class=\"elementor-element elementor-element-372d7eb elementor-widget elementor-widget-heading\" data-id=\"372d7eb\" data-element_type=\"widget\" data-widget_type=\"heading.default\">\n\t\t\t\t<div class=\"elementor-widget-container\">\n\t\t\t\t\t<h1 class=\"elementor-heading-title elementor-size-default\">Strecke bis 2022<\/h1>\t\t\t\t<\/div>\n\t\t\t\t<\/div>\n\t\t\t\t<div class=\"elementor-element elementor-element-75ba7b3 elementor-widget elementor-widget-video\" data-id=\"75ba7b3\" data-element_type=\"widget\" data-settings=\"{&quot;youtube_url&quot;:&quot;https:\\\/\\\/www.youtube.com\\\/watch?v=jIFc4_DUawI&quot;,&quot;lazy_load&quot;:&quot;yes&quot;,&quot;start&quot;:125,&quot;video_type&quot;:&quot;youtube&quot;,&quot;controls&quot;:&quot;yes&quot;}\" data-widget_type=\"video.default\">\n\t\t\t\t<div class=\"elementor-widget-container\">\n\t\t\t\t\t\t\t<div class=\"elementor-wrapper elementor-open-inline\">\n\t\t\t<div class=\"elementor-video\"><\/div>\t\t<\/div>\n\t\t\t\t\t\t<\/div>\n\t\t\t\t<\/div>\n\t\t\t\t\t<\/div>\n\t\t<\/div>\n\t\t\t\t\t<\/div>\n\t\t<\/section>\n\t\t\t\t\t<\/div>\n\t\t<\/div>\n\t\t\t\t\t<\/div>\n\t\t<\/section>\n\t\t\t\t<\/div>\n\t\t","protected":false},"excerpt":{"rendered":"<p>L\u00e4nge: ca. 750m H\u00f6henunterschied: 18-20m Breite: 5-10m Boden: Asphalt, Schotter und gewachsener Boden Rundenzeit: Je\u00a0besser der Fahrer desto schneller die Zeit Kurzbeschreibung unserer Rennstrecke:Nach dem Start folgt direkt eine ca. 350m lange Asphaltgerade leicht bergauf. Diese endet in\u00a0 einer Linkskurve genannt &#8222;Colombo&#8220;-Kurve, ab hier beginnt der unbefestigte Teil unserer Rennstrecke. Diese f\u00fchrt mit in einer&#8230;<\/p>\n","protected":false},"author":1,"featured_media":0,"parent":0,"menu_order":0,"comment_status":"closed","ping_status":"closed","template":"elementor_header_footer","meta":{"_kadence_starter_templates_imported_post":false,"_kad_post_transparent":"","_kad_post_title":"","_kad_post_layout":"","_kad_post_sidebar_id":"","_kad_post_content_style":"","_kad_post_vertical_padding":"","_kad_post_feature":"","_kad_post_feature_position":"","_kad_post_header":false,"_kad_post_footer":false,"_kad_post_classname":"","footnotes":""},"class_list":["post-2","page","type-page","status-publish","hentry"],"yoast_head":"<!-- This site is optimized with the Yoast SEO plugin v26.4 - https:\/\/yoast.com\/wordpress\/plugins\/seo\/ -->\n<title>Die Strecke - AMSC Pfeffelbach<\/title>\n<meta name=\"robots\" content=\"index, follow, max-snippet:-1, max-image-preview:large, max-video-preview:-1\" \/>\n<link rel=\"canonical\" href=\"https:\/\/www.amsc-pfeffelbach.de\/index.php\/die-strecke\/\" \/>\n<meta property=\"og:locale\" content=\"de_DE\" \/>\n<meta property=\"og:type\" content=\"article\" \/>\n<meta property=\"og:title\" content=\"Die Strecke - AMSC Pfeffelbach\" \/>\n<meta property=\"og:description\" content=\"L\u00e4nge: ca. 750m H\u00f6henunterschied: 18-20m Breite: 5-10m Boden: Asphalt, Schotter und gewachsener Boden Rundenzeit: Je\u00a0besser der Fahrer desto schneller die Zeit Kurzbeschreibung unserer Rennstrecke:Nach dem Start folgt direkt eine ca. 350m lange Asphaltgerade leicht bergauf. Diese endet in\u00a0 einer Linkskurve genannt &#8222;Colombo&#8220;-Kurve, ab hier beginnt der unbefestigte Teil unserer Rennstrecke. Diese f\u00fchrt mit in einer...\" \/>\n<meta property=\"og:url\" content=\"https:\/\/www.amsc-pfeffelbach.de\/index.php\/die-strecke\/\" \/>\n<meta property=\"og:site_name\" content=\"AMSC Pfeffelbach\" \/>\n<meta property=\"article:publisher\" content=\"https:\/\/www.facebook.com\/AMSC-Pfeffelbach-eV-366821680119547\" \/>\n<meta property=\"article:modified_time\" content=\"2024-06-14T08:49:22+00:00\" \/>\n<meta property=\"og:image\" content=\"https:\/\/www.amsc-pfeffelbach.de\/wp-content\/uploads\/2024\/06\/WhatsApp-Image-2024-06-13-at-17.36.01-e1718354951571-768x911.jpeg\" \/>\n<meta name=\"twitter:card\" content=\"summary_large_image\" \/>\n<meta name=\"twitter:label1\" content=\"Gesch\u00e4tzte Lesezeit\" \/>\n\t<meta name=\"twitter:data1\" content=\"1\u00a0Minute\" \/>\n<script type=\"application\/ld+json\" class=\"yoast-schema-graph\">{\"@context\":\"https:\/\/schema.org\",\"@graph\":[{\"@type\":\"WebPage\",\"@id\":\"https:\/\/www.amsc-pfeffelbach.de\/index.php\/die-strecke\/\",\"url\":\"https:\/\/www.amsc-pfeffelbach.de\/index.php\/die-strecke\/\",\"name\":\"Die Strecke - AMSC Pfeffelbach\",\"isPartOf\":{\"@id\":\"https:\/\/www.amsc-pfeffelbach.de\/#website\"},\"primaryImageOfPage\":{\"@id\":\"https:\/\/www.amsc-pfeffelbach.de\/index.php\/die-strecke\/#primaryimage\"},\"image\":{\"@id\":\"https:\/\/www.amsc-pfeffelbach.de\/index.php\/die-strecke\/#primaryimage\"},\"thumbnailUrl\":\"https:\/\/www.amsc-pfeffelbach.de\/wp-content\/uploads\/2024\/06\/WhatsApp-Image-2024-06-13-at-17.36.01-e1718354951571-768x911.jpeg\",\"datePublished\":\"2022-01-11T09:25:42+00:00\",\"dateModified\":\"2024-06-14T08:49:22+00:00\",\"breadcrumb\":{\"@id\":\"https:\/\/www.amsc-pfeffelbach.de\/index.php\/die-strecke\/#breadcrumb\"},\"inLanguage\":\"de\",\"potentialAction\":[{\"@type\":\"ReadAction\",\"target\":[\"https:\/\/www.amsc-pfeffelbach.de\/index.php\/die-strecke\/\"]}]},{\"@type\":\"ImageObject\",\"inLanguage\":\"de\",\"@id\":\"https:\/\/www.amsc-pfeffelbach.de\/index.php\/die-strecke\/#primaryimage\",\"url\":\"https:\/\/www.amsc-pfeffelbach.de\/wp-content\/uploads\/2024\/06\/WhatsApp-Image-2024-06-13-at-17.36.01-e1718354951571.jpeg\",\"contentUrl\":\"https:\/\/www.amsc-pfeffelbach.de\/wp-content\/uploads\/2024\/06\/WhatsApp-Image-2024-06-13-at-17.36.01-e1718354951571.jpeg\",\"width\":1056,\"height\":1253,\"caption\":\"Bilder \u00a9 2024 Google,Bilder \u00a9 2024 CNES \/ Airbus,GeoBasis-DE\/BKG,GeoContent,Maxar Technologies,Kartendaten \u00a9 2024 GeoBasis-DE\/BKG (\u00a92009)\"},{\"@type\":\"BreadcrumbList\",\"@id\":\"https:\/\/www.amsc-pfeffelbach.de\/index.php\/die-strecke\/#breadcrumb\",\"itemListElement\":[{\"@type\":\"ListItem\",\"position\":1,\"name\":\"Startseite\",\"item\":\"https:\/\/www.amsc-pfeffelbach.de\/\"},{\"@type\":\"ListItem\",\"position\":2,\"name\":\"Die Strecke\"}]},{\"@type\":\"WebSite\",\"@id\":\"https:\/\/www.amsc-pfeffelbach.de\/#website\",\"url\":\"https:\/\/www.amsc-pfeffelbach.de\/\",\"name\":\"AMSC Pfeffelbach\",\"description\":\"\",\"publisher\":{\"@id\":\"https:\/\/www.amsc-pfeffelbach.de\/#organization\"},\"potentialAction\":[{\"@type\":\"SearchAction\",\"target\":{\"@type\":\"EntryPoint\",\"urlTemplate\":\"https:\/\/www.amsc-pfeffelbach.de\/?s={search_term_string}\"},\"query-input\":{\"@type\":\"PropertyValueSpecification\",\"valueRequired\":true,\"valueName\":\"search_term_string\"}}],\"inLanguage\":\"de\"},{\"@type\":\"Organization\",\"@id\":\"https:\/\/www.amsc-pfeffelbach.de\/#organization\",\"name\":\"AMSC Pfeffelbach\",\"url\":\"https:\/\/www.amsc-pfeffelbach.de\/\",\"logo\":{\"@type\":\"ImageObject\",\"inLanguage\":\"de\",\"@id\":\"https:\/\/www.amsc-pfeffelbach.de\/#\/schema\/logo\/image\/\",\"url\":\"https:\/\/www.amsc-pfeffelbach.de\/wp-content\/uploads\/2022\/01\/amsc.png\",\"contentUrl\":\"https:\/\/www.amsc-pfeffelbach.de\/wp-content\/uploads\/2022\/01\/amsc.png\",\"width\":274,\"height\":184,\"caption\":\"AMSC Pfeffelbach\"},\"image\":{\"@id\":\"https:\/\/www.amsc-pfeffelbach.de\/#\/schema\/logo\/image\/\"},\"sameAs\":[\"https:\/\/www.facebook.com\/AMSC-Pfeffelbach-eV-366821680119547\",\"https:\/\/www.instagram.com\/amsc_pfeffelbach\"]}]}<\/script>\n<!-- \/ Yoast SEO plugin. -->","yoast_head_json":{"title":"Die Strecke - AMSC Pfeffelbach","robots":{"index":"index","follow":"follow","max-snippet":"max-snippet:-1","max-image-preview":"max-image-preview:large","max-video-preview":"max-video-preview:-1"},"canonical":"https:\/\/www.amsc-pfeffelbach.de\/index.php\/die-strecke\/","og_locale":"de_DE","og_type":"article","og_title":"Die Strecke - AMSC Pfeffelbach","og_description":"L\u00e4nge: ca. 750m H\u00f6henunterschied: 18-20m Breite: 5-10m Boden: Asphalt, Schotter und gewachsener Boden Rundenzeit: Je\u00a0besser der Fahrer desto schneller die Zeit Kurzbeschreibung unserer Rennstrecke:Nach dem Start folgt direkt eine ca. 350m lange Asphaltgerade leicht bergauf. Diese endet in\u00a0 einer Linkskurve genannt &#8222;Colombo&#8220;-Kurve, ab hier beginnt der unbefestigte Teil unserer Rennstrecke. Diese f\u00fchrt mit in einer...","og_url":"https:\/\/www.amsc-pfeffelbach.de\/index.php\/die-strecke\/","og_site_name":"AMSC Pfeffelbach","article_publisher":"https:\/\/www.facebook.com\/AMSC-Pfeffelbach-eV-366821680119547","article_modified_time":"2024-06-14T08:49:22+00:00","og_image":[{"url":"https:\/\/www.amsc-pfeffelbach.de\/wp-content\/uploads\/2024\/06\/WhatsApp-Image-2024-06-13-at-17.36.01-e1718354951571-768x911.jpeg","type":"","width":"","height":""}],"twitter_card":"summary_large_image","twitter_misc":{"Gesch\u00e4tzte Lesezeit":"1\u00a0Minute"},"schema":{"@context":"https:\/\/schema.org","@graph":[{"@type":"WebPage","@id":"https:\/\/www.amsc-pfeffelbach.de\/index.php\/die-strecke\/","url":"https:\/\/www.amsc-pfeffelbach.de\/index.php\/die-strecke\/","name":"Die Strecke - AMSC Pfeffelbach","isPartOf":{"@id":"https:\/\/www.amsc-pfeffelbach.de\/#website"},"primaryImageOfPage":{"@id":"https:\/\/www.amsc-pfeffelbach.de\/index.php\/die-strecke\/#primaryimage"},"image":{"@id":"https:\/\/www.amsc-pfeffelbach.de\/index.php\/die-strecke\/#primaryimage"},"thumbnailUrl":"https:\/\/www.amsc-pfeffelbach.de\/wp-content\/uploads\/2024\/06\/WhatsApp-Image-2024-06-13-at-17.36.01-e1718354951571-768x911.jpeg","datePublished":"2022-01-11T09:25:42+00:00","dateModified":"2024-06-14T08:49:22+00:00","breadcrumb":{"@id":"https:\/\/www.amsc-pfeffelbach.de\/index.php\/die-strecke\/#breadcrumb"},"inLanguage":"de","potentialAction":[{"@type":"ReadAction","target":["https:\/\/www.amsc-pfeffelbach.de\/index.php\/die-strecke\/"]}]},{"@type":"ImageObject","inLanguage":"de","@id":"https:\/\/www.amsc-pfeffelbach.de\/index.php\/die-strecke\/#primaryimage","url":"https:\/\/www.amsc-pfeffelbach.de\/wp-content\/uploads\/2024\/06\/WhatsApp-Image-2024-06-13-at-17.36.01-e1718354951571.jpeg","contentUrl":"https:\/\/www.amsc-pfeffelbach.de\/wp-content\/uploads\/2024\/06\/WhatsApp-Image-2024-06-13-at-17.36.01-e1718354951571.jpeg","width":1056,"height":1253,"caption":"Bilder \u00a9 2024 Google,Bilder \u00a9 2024 CNES \/ Airbus,GeoBasis-DE\/BKG,GeoContent,Maxar Technologies,Kartendaten \u00a9 2024 GeoBasis-DE\/BKG (\u00a92009)"},{"@type":"BreadcrumbList","@id":"https:\/\/www.amsc-pfeffelbach.de\/index.php\/die-strecke\/#breadcrumb","itemListElement":[{"@type":"ListItem","position":1,"name":"Startseite","item":"https:\/\/www.amsc-pfeffelbach.de\/"},{"@type":"ListItem","position":2,"name":"Die Strecke"}]},{"@type":"WebSite","@id":"https:\/\/www.amsc-pfeffelbach.de\/#website","url":"https:\/\/www.amsc-pfeffelbach.de\/","name":"AMSC Pfeffelbach","description":"","publisher":{"@id":"https:\/\/www.amsc-pfeffelbach.de\/#organization"},"potentialAction":[{"@type":"SearchAction","target":{"@type":"EntryPoint","urlTemplate":"https:\/\/www.amsc-pfeffelbach.de\/?s={search_term_string}"},"query-input":{"@type":"PropertyValueSpecification","valueRequired":true,"valueName":"search_term_string"}}],"inLanguage":"de"},{"@type":"Organization","@id":"https:\/\/www.amsc-pfeffelbach.de\/#organization","name":"AMSC Pfeffelbach","url":"https:\/\/www.amsc-pfeffelbach.de\/","logo":{"@type":"ImageObject","inLanguage":"de","@id":"https:\/\/www.amsc-pfeffelbach.de\/#\/schema\/logo\/image\/","url":"https:\/\/www.amsc-pfeffelbach.de\/wp-content\/uploads\/2022\/01\/amsc.png","contentUrl":"https:\/\/www.amsc-pfeffelbach.de\/wp-content\/uploads\/2022\/01\/amsc.png","width":274,"height":184,"caption":"AMSC Pfeffelbach"},"image":{"@id":"https:\/\/www.amsc-pfeffelbach.de\/#\/schema\/logo\/image\/"},"sameAs":["https:\/\/www.facebook.com\/AMSC-Pfeffelbach-eV-366821680119547","https:\/\/www.instagram.com\/amsc_pfeffelbach"]}]}},"jetpack_sharing_enabled":true,"_links":{"self":[{"href":"https:\/\/www.amsc-pfeffelbach.de\/index.php\/wp-json\/wp\/v2\/pages\/2","targetHints":{"allow":["GET"]}}],"collection":[{"href":"https:\/\/www.amsc-pfeffelbach.de\/index.php\/wp-json\/wp\/v2\/pages"}],"about":[{"href":"https:\/\/www.amsc-pfeffelbach.de\/index.php\/wp-json\/wp\/v2\/types\/page"}],"author":[{"embeddable":true,"href":"https:\/\/www.amsc-pfeffelbach.de\/index.php\/wp-json\/wp\/v2\/users\/1"}],"replies":[{"embeddable":true,"href":"https:\/\/www.amsc-pfeffelbach.de\/index.php\/wp-json\/wp\/v2\/comments?post=2"}],"version-history":[{"count":104,"href":"https:\/\/www.amsc-pfeffelbach.de\/index.php\/wp-json\/wp\/v2\/pages\/2\/revisions"}],"predecessor-version":[{"id":3692,"href":"https:\/\/www.amsc-pfeffelbach.de\/index.php\/wp-json\/wp\/v2\/pages\/2\/revisions\/3692"}],"wp:attachment":[{"href":"https:\/\/www.amsc-pfeffelbach.de\/index.php\/wp-json\/wp\/v2\/media?parent=2"}],"curies":[{"name":"wp","href":"https:\/\/api.w.org\/{rel}","templated":true}]}}